{"id":1098,"date":"2025-02-13T13:13:44","date_gmt":"2025-02-13T12:13:44","guid":{"rendered":"https:\/\/lacolada2.clmm.es\/politica-de-privacidad\/"},"modified":"2025-02-17T14:01:23","modified_gmt":"2025-02-17T13:01:23","slug":"politica-de-privacitat","status":"publish","type":"page","link":"https:\/\/lacoladaprimus.com\/ca\/politica-de-privacitat\/","title":{"rendered":"Pol\u00edtica de privacitat"},"content":{"rendered":"\n<h2 class=\"wp-block-heading\">Si est\u00e1s aqu\u00ed es porque quieres saber m\u00e1s sobre las obligaciones y derechos que te corresponden como usuario de esta web y eso est\u00e1 muy bien. Nuestro deber es informarte y el tuyo estar debidamente informado.<\/h2>\n\n<p>En esta Pol\u00edtica de Privacidad te informaremos con total transparencia sobre la finalidad de este sitio web y todo lo que afecta a los datos que nos facilites, as\u00ed como de las obligaciones y derechos que te corresponden.<\/p>\n\n<p>Para empezar, debes saber que este sitio web se adapta a la normativa vigente en relaci\u00f3n con la protecci\u00f3n de datos, lo que afecta a los datos personales que nos facilites con tu consentimiento expreso y a las cookies que utilizamos para que este sitio web funcione correctamente y pueda desarrollar su actividad.<\/p>\n\n<p>Concretamente, esta web se ajusta al cumplimiento de las siguientes normativas:<\/p>\n\n<p>El RGPD (Reglamento (UE) 2016\/679 del Parlamento Europeo y del Consejo de 27 de abril de 2016 relativo a la protecci\u00f3n de las personas f\u00edsicas)\u00cdque es la nueva normativa de la Uni\u00f3n Europea que unifica la regulaci\u00f3n del tratamiento de los datos personales en los distintos pa\u00edses de la UE.<\/p>\n\n<p>La LOPD (Ley Org\u00e1nica 15\/1999, de 13 de diciembre, de Protecci\u00f3n de Datos de Car\u00e1cter Personal y Real Decreto 1720\/2007, de 21 de diciembre, el Reglamento de desarrollo de la LOPD) que regula el tratamiento de los datos personales y las obligaciones que debemos asumir los responsables de una web o un blog a la hora de gestionar esta informaci\u00f3n.<\/p>\n\n<p>La LSSI (Ley 34\/2002, de 11 de julio, de Servicios de la Sociedad de la Informaci\u00f3n y Comercio Electr\u00f3nico) que regula las transacciones econ\u00f3micas mediante medios electr\u00f3nicos, como es el caso de esta web.<\/p>\n\n<h3 class=\"wp-block-heading\">DATOS DE IDENTIFICACI\u00d3N<\/h3>\n\n<p>El responsable y titular de este sitio web es:<\/p>\n\n<p>Nombre: LaColada s.l.<\/p>\n\n<p>CIF: B98466774<\/p>\n\n<p>Domicilio Social: AV ARAG\u00d3N, 2, 17 , 46021 Valencia<\/p>\n\n<p>Actividad del sitio web: Informaci\u00f3n de la empresa y recogida de peticiones de informaci\u00f3n<\/p>\n\n<p>Correo electr\u00f3nico: enrique@lacoladaprimus.com<\/p>\n\n<p>Los datos que nos facilites con tu consentimiento, y de acuerdo al uso establecido en esta Pol\u00edtica de Privacidad, ser\u00e1n incorporados a un fichero automatizado debidamente inscrito en la Agencia Espa\u00f1ola de Protecci\u00f3n de Datos, en el que el responsable de dicho fichero es: \u00abel propietario\u00bb. Esto quiere decir que tus datos est\u00e1n seguros, de acuerdo a lo que establece la ley.<\/p>\n\n<p>Los datos personales que nos facilites, siempre con tu consentimiento expreso, se almacenar\u00e1n y tratar\u00e1n con los fines previstos y descritos a continuaci\u00f3n en esta Pol\u00edtica de Privacidad, hasta el momento en que nos pidas que los eliminemos.<\/p>\n\n<p>Te informamos de que esta Pol\u00edtica de Privacidad puede ser modificada en cualquier momento, con el fin de adaptarla a novedades legislativas o cambios en nuestras actividades, siendo vigente la que en cada momento se encuentre publicada en la web. Dicha modificaci\u00f3n se te notificar\u00e1 antes de su aplicaci\u00f3n.<\/p>\n\n<h3 class=\"wp-block-heading\">CONDICIONES DE USO<\/h3>\n\n<p>Debes saber, para tu tranquilidad, que siempre te solicitaremos tu consentimiento expreso para recabar tus datos con la correspondiente finalidad especificada en cada caso, lo que implica que, en caso de otorgar ese consentimiento, has le\u00eddo y aceptado esta Pol\u00edtica de Privacidad.<\/p>\n\n<p>En el momento en que accedas y utilices esta web, asumes tu condici\u00f3n de usuario con tus correspondientes derechos y obligaciones.<\/p>\n\n<p>Si eres mayor de 13 a\u00f1os, podr\u00e1s registrarte como usuario en este sitio web sin el previo consentimiento de tus padres o tutores.<\/p>\n\n<p>Si eres menor de 13 a\u00f1os, necesitar\u00e1s el consentimiento de tus padres o tutores para el tratamiento de tus datos personales.<\/p>\n\n<h3 class=\"wp-block-heading\">REGISTRO Y FINALIDAD DE TUS DATOS<\/h3>\n\n<h4 class=\"wp-block-heading\">CL\u00c1USULA INFORMATIVA RGPD Y LSSI-CE<\/h4>\n\n<p>De conformidad con lo establecido en la normativa vigente en Protecci\u00f3n de Datos de Car\u00e1cter Personal, le informamos que sus datos ser\u00e1n incorporados al sistema de tratamiento titularidad de LACOLADA SL con CIF B98466774 y domicilio social sito en AVD ARAG\u00d3N,2 ,17 46021, VALENCIA, con la finalidad de poder atender los compromisos derivados de la relaci\u00f3n que mantenemos con usted. En cumplimiento con la normativa vigente, LACOLADA SL informa que los datos ser\u00e1n conservados durante el plazo estrictamente necesario para cumplir con los preceptos mencionados con anterioridad.<\/p>\n\n<p>LACOLADA SL informa que proceder\u00e1 a tratar los datos de manera l\u00edcita, leal, transparente, adecuada, pertinente, limitada, exacta y actualizada. Es por ello que LACOLADA SL se compromete a adoptar todas las medidas razonables para que estos se supriman o rectifiquen sin dilaci\u00f3n cuando sean inexactos.<\/p>\n\n<p>De acuerdo con los derechos que le confiere el la normativa vigente en protecci\u00f3n de datos podr\u00e1 ejercer los derechos de acceso, rectificaci\u00f3n, limitaci\u00f3n de tratamiento, supresi\u00f3n, portabilidad y oposici\u00f3n al tratamiento de sus datos de car\u00e1cter personal as\u00ed como del consentimiento prestado para el tratamiento de los mismos, dirigiendo su petici\u00f3n a la direcci\u00f3n postal indicada m\u00e1s arriba o al correo electr\u00f3nico enrique@lacoladaprimus.com.<\/p>\n\n<p>Asimismo y de acuerdo con lo establecido en la Ley 34\/2002, de 11 de julio, de Servicios de la Sociedad de la Informaci\u00f3n y de Comercio Electr\u00f3nico, en su art\u00edculo 21, solicitamos tambi\u00e9n su consentimiento expreso para enviarle publicidad de nuestros productos o promociones que consideremos puedan ser de su inter\u00e9s, por correo electr\u00f3nico o por cualquier otro medio de comunicaci\u00f3n electr\u00f3nica equivalente.<\/p>\n\n<p>\u25a1 He le\u00eddo y acepto recibir publicidad o informaci\u00f3n promocional de LACOLADA SL.<\/p>\n\n<p>\u25a1 He le\u00eddo y no acepto recibir publicidad o informaci\u00f3n promocional de LACOLADA SL.<\/p>\n\n<p>Le informamos que podr\u00e1 revocar en cualquier momento el consentimiento prestado a la recepci\u00f3n de comunicaciones comerciales enviando un e-mail a la direcci\u00f3n de correo electr\u00f3nico: enrique@lacoladaprimus.com.<\/p>\n\n<p>Nombre y apellidos o Raz\u00f3n social:<\/p>\n\n<p>DNI o CIF:<\/p>\n\n<p>Firma del interesado.<\/p>\n\n<h3 class=\"wp-block-heading\">EL FORMULARIO WEB<\/h3>\n\n<p>De conformidad con lo establecido en la normativa vigente en Protecci\u00f3n de Datos de Car\u00e1cter Personal, le informamos que sus datos ser\u00e1n incorporados al sistema de tratamiento titularidad de LACOLADA SL con CIF B98466774 y domicilio social sito en AVD ARAG\u00d3N, 2, 17 46021, VALENCIA, con la finalidad de atender sus consultas. En cumplimiento con la normativa vigente, LACOLADA SL informa que los datos ser\u00e1n conservados durante el plazo estrictamente necesario para cumplir con los preceptos mencionados con anterioridad.<\/p>\n\n<p>Mientras no nos comunique lo contrario, entenderemos que sus datos no han sido modificados, que usted se compromete a notificarnos cualquier variaci\u00f3n y que tenemos su consentimiento para utilizarlos para las finalidades mencionadas. LACOLADA SL informa que proceder\u00e1 a tratar los datos de manera l\u00edcita, leal, transparente, adecuada, pertinente, limitada, exacta y actualizada. Es por ello que LACOLADA SL se compromete a adoptar todas las medidas razonables para que estos se supriman o rectifiquen sin dilaci\u00f3n cuando sean inexactos.<\/p>\n\n<p>De acuerdo con los derechos que le confiere el la normativa vigente en protecci\u00f3n de datos podr\u00e1 ejercer los derechos de acceso, rectificaci\u00f3n, limitaci\u00f3n de tratamiento, supresi\u00f3n, portabilidad y oposici\u00f3n al tratamiento de sus datos de car\u00e1cter personal as\u00ed como del consentimiento prestado para el tratamiento de los mismos, dirigiendo su petici\u00f3n a la direcci\u00f3n postal indicada m\u00e1s arriba o al correo electr\u00f3nico enrique@lacoladaprimus.com.<\/p>\n\n<p>Le informamos que podr\u00e1 revocar en cualquier momento el consentimiento prestado a la recepci\u00f3n de comunicaciones comerciales enviando un e-mail a la direcci\u00f3n de correo electr\u00f3nico: enrique@lacoladaprimus.com.<\/p>\n\n<p>Podr\u00e1 dirigirse a la Autoridad de Control competente para presentar la reclamaci\u00f3n que considere oportuna. El env\u00edo de estos datos implica la aceptaci\u00f3n de esta cl\u00e1usula.<\/p>\n\n<h3 class=\"wp-block-heading\">EXACTITUD Y VERACIDAD DE LOS DATOS<\/h3>\n\n<p>Como usuario, eres el \u00fanico responsable de la veracidad y modificaci\u00f3n de los datos que remitas a esta web, exoner\u00e1ndonos de cualquier responsabilidad al respecto.<\/p>\n\n<p>Es decir, a ti te corresponde garantizar y responder en cualquier caso de la exactitud, vigencia y autenticidad de los datos personales facilitados, y te comprometes a mantenerlos debidamente actualizados.<\/p>\n\n<p>De acuerdo a lo expresado en esta Pol\u00edtica de Privacidad, aceptas proporcionar informaci\u00f3n completa y correcta\u00cden el formulario de contacto o suscripci\u00f3n.<\/p>\n\n<h3 class=\"wp-block-heading\">BAJAS DE SUSCRIPCI\u00d3N Y DERECHO DE REVOCACI\u00d3N<\/h3>\n\n<p>Como titular de los datos que nos hayas facilitado, podr\u00e1s ejercer en cualquier momento tus derechos de acceso, rectificaci\u00f3n, cancelaci\u00f3n y oposici\u00f3n, envi\u00e1ndonos un correo electr\u00f3nico a enrique@lacoladaprimus.com y adjunt\u00e1ndonos una fotocopia de tu documento de identidad como prueba v\u00e1lida.<\/p>\n\n<p>Igualmente, podr\u00e1s darte de baja en cualquier momento para dejar de recibir nuestra newsletter o cualquier otra comunicaci\u00f3n comercial, directamente desde el mismo email que hayas recibido o envi\u00e1ndonos un correo a (enrique@lacoladaprimus.com).<\/p>\n\n<h3 class=\"wp-block-heading\">ACCESO A DATOS POR CUENTA DE TERCEROS<\/h3>\n\n<p>Para poder prestar servicios estrictamente necesarios para el funcionamiento y desarrollo\u00cdde las actividades de este sitio web, te informamos de que compartimos datos con los siguientes prestadores de servicio bajo sus correspondientes condiciones de privacidad.<\/p>\n\n<p>Puedes tener la total tranquilidad de que estos terceros no podr\u00e1n utilizar dicha informaci\u00f3n para ning\u00fan otro fin que no est\u00e9 regulado espec\u00edficamente en nuestras relaciones con ellos en virtud de la normativa aplicable en materia de protecci\u00f3n de datos de car\u00e1cter personal.<\/p>\n\n<p>Este sitio web est\u00e1 alojado en Alemania, en los servidores con marca comercial IONOS, que proporciona los servicios de hosting para que puedas acceder y navegar por nuestro sitio. Puedes consultar la pol\u00edtica de privacidad y dem\u00e1s aspectos legales de esta empresa en el siguiente enlace: 1and1.es<\/p>\n\n<h3 class=\"wp-block-heading\">MEDIDAS DE SEGURIDAD<\/h3>\n\n<p>Como titular de la web, \u00abel propietario\u00bb ha adoptado todas las medidas t\u00e9cnicas y de organizaci\u00f3n necesaria para garantizar la seguridad e integridad de los datos de car\u00e1cter personal que trate, as\u00ed como para evitar su p\u00e9rdida, alteraci\u00f3n y\/o acceso por parte de terceros no autorizados.<\/p>\n\n<p>Te recordamos que, para m\u00e1s informaci\u00f3n, puedes consultar nuestras p\u00e1ginas de Aviso Legal y Pol\u00edtica de Cookies.<\/p>\n","protected":false},"excerpt":{"rendered":"<p>Si est\u00e1s aqu\u00ed es porque quieres saber m\u00e1s sobre las obligaciones y derechos que te corresponden como usuario de esta web y eso est\u00e1 muy bien. Nuestro deber es informarte y el tuyo estar debidamente informado. En esta Pol\u00edtica de Privacidad te informaremos con total transparencia sobre la finalidad de este sitio web y todo&#8230;<\/p>\n","protected":false},"author":1,"featured_media":0,"parent":0,"menu_order":0,"comment_status":"closed","ping_status":"open","template":"","meta":{"_kad_post_transparent":"","_kad_post_title":"hide","_kad_post_layout":"","_kad_post_sidebar_id":"","_kad_post_content_style":"","_kad_post_vertical_padding":"","_kad_post_feature":"","_kad_post_feature_position":"","_kad_post_header":false,"_kad_post_footer":false,"_kad_post_classname":"","footnotes":""},"class_list":["post-1098","page","type-page","status-publish","hentry"],"_links":{"self":[{"href":"https:\/\/lacoladaprimus.com\/ca\/wp-json\/wp\/v2\/pages\/1098","targetHints":{"allow":["GET"]}}],"collection":[{"href":"https:\/\/lacoladaprimus.com\/ca\/wp-json\/wp\/v2\/pages"}],"about":[{"href":"https:\/\/lacoladaprimus.com\/ca\/wp-json\/wp\/v2\/types\/page"}],"author":[{"embeddable":true,"href":"https:\/\/lacoladaprimus.com\/ca\/wp-json\/wp\/v2\/users\/1"}],"replies":[{"embeddable":true,"href":"https:\/\/lacoladaprimus.com\/ca\/wp-json\/wp\/v2\/comments?post=1098"}],"version-history":[{"count":0,"href":"https:\/\/lacoladaprimus.com\/ca\/wp-json\/wp\/v2\/pages\/1098\/revisions"}],"wp:attachment":[{"href":"https:\/\/lacoladaprimus.com\/ca\/wp-json\/wp\/v2\/media?parent=1098"}],"curies":[{"name":"wp","href":"https:\/\/api.w.org\/{rel}","templated":true}]}}