{"id":1092,"date":"2025-02-15T08:35:33","date_gmt":"2025-02-15T07:35:33","guid":{"rendered":"https:\/\/lacolada2.clmm.es\/aviso-legal\/"},"modified":"2025-02-17T14:00:39","modified_gmt":"2025-02-17T13:00:39","slug":"avis-legal","status":"publish","type":"page","link":"https:\/\/lacoladaprimus.com\/ca\/avis-legal\/","title":{"rendered":"Avis Legal"},"content":{"rendered":"\n<h2 class=\"wp-block-heading\">Datos Identificativos<\/h2>\n\n<p>De conformidad con la Ley 34\/2002, de 11 de julio, de Servicios de la Sociedad de la Informaci\u00f3n y de Comercio Electr\u00f3nico (LSSICE) y de la Ley org\u00e1nica 15\/1999, de 13 de diciembre, de Protecci\u00f3n de Datos Personales (LOPD), se informa a los usuarios de que\u00a0<a href=\"https:\/\/lacoladaprimus.com\/\">lacoladaprimus.com<\/a>\u00a0es un dominio y un portal web en Internet propiedad de la empresa:<\/p>\n\n<p>Nombre: LACOLADA S.L. (en adelante \u00abel propietario\u00bb)<\/p>\n\n<p>CIF: B98466774<\/p>\n\n<p>Domicilio Social: AV Arag\u00f3n, 2, 4, 7 \u2013 46021 Valencia<\/p>\n\n<p>Correo electr\u00f3nico: enrique@lacoladaprimus.com<\/p>\n\n<h3 class=\"wp-block-heading\">Condiciones Generales de Acceso<\/h3>\n\n<p>A trav\u00e9s del presente aviso legal, se informa a los usuarios sobre las condiciones generales para el acceso y consulta de los servicios ofrecidos en este portal. El titular se reserva el derecho a modificar estas condiciones sin previo aviso.<\/p>\n\n<p>El acceso y uso de dichos servicios por parte de los visitantes o usuarios implica la aceptaci\u00f3n plena y sin reservas de estas condiciones generales.<\/p>\n\n<h3 class=\"wp-block-heading\">Pol\u00edtica de Enlaces<\/h3>\n\n<p>El portal proporciona dispositivos t\u00e9cnicos de enlace que permiten a los usuarios acceder a sitios y p\u00e1ginas web pertenecientes o gestionados por terceros. La instalaci\u00f3n de estos enlaces tiene como objetivo mejorar el contenido del sitio web.<\/p>\n\n<p>El establecimiento de un enlace no implica relaci\u00f3n alguna entre el titular y el propietario de la p\u00e1gina web enlazada, ni la aprobaci\u00f3n de sus contenidos y\/o servicios por parte del titular. El propietario del sitio enlazado es el \u00fanico responsable de dichos contenidos.<\/p>\n\n<p>Por lo tanto, se recomienda a los usuarios actuar con prudencia al evaluar y utilizar la informaci\u00f3n, contenidos y servicios disponibles en los portales enlazados.<\/p>\n\n<p>El titular no asume responsabilidad alguna sobre la informaci\u00f3n y servicios ofrecidos a trav\u00e9s de estas p\u00e1ginas enlazadas.<\/p>\n\n<h3 class=\"wp-block-heading\">Derechos de Propiedad Intelectual e Industrial<\/h3>\n\n<p>Todos los elementos de este sitio web, incluyendo software, textos, im\u00e1genes (animadas o no), contenidos, marcas y logotipos, son propiedad privada y est\u00e1n protegidos por las leyes de Propiedad Intelectual e Industrial.<\/p>\n\n<p>El acceso al portal no implica una renuncia o cesi\u00f3n de estos derechos, ni confiere derecho alguno de utilizaci\u00f3n, reproducci\u00f3n, distribuci\u00f3n, modificaci\u00f3n o explotaci\u00f3n sin el previo consentimiento por escrito del titular.<\/p>\n\n<h3 class=\"wp-block-heading\">Limitaci\u00f3n de Responsabilidades<\/h3>\n\n<p>El titular declina cualquier responsabilidad por los posibles da\u00f1os y perjuicios que puedan ocasionarse al usuario debido a:<\/p>\n\n<ul class=\"wp-block-list\">\n<li>Errores en el acceso al portal, en su contenido o la falta de actualizaci\u00f3n del mismo.<\/li>\n\n\n\n<li>Presencia de virus u otros elementos en la web que puedan alterar el sistema inform\u00e1tico del usuario.<\/li>\n\n\n\n<li>Falta de disponibilidad y\/o continuidad del portal o de los servicios ofrecidos en el mismo.<\/li>\n\n\n\n<li>Transmisiones de informaci\u00f3n a trav\u00e9s de Internet que no sean totalmente seguras.<\/li>\n\n\n\n<li>Contingencias en la transmisi\u00f3n de informaci\u00f3n, como p\u00e9rdida de datos o accesos no autorizados.<\/li>\n<\/ul>\n\n<h3 class=\"wp-block-heading\">Seguridad<\/h3>\n\n<p>El titular ha adoptado las medidas f\u00edsicas, t\u00e9cnicas y de gesti\u00f3n necesarias para mantener el nivel de seguridad requerido, seg\u00fan la naturaleza de los datos personales tratados y las circunstancias del tratamiento. Estas medidas tienen como objetivo evitar, en la medida de lo posible y seg\u00fan el estado de la t\u00e9cnica, la alteraci\u00f3n, p\u00e9rdida, tratamiento o acceso no autorizado de los datos.<\/p>\n\n<h3 class=\"wp-block-heading\">Legislaci\u00f3n Aplicable y Jurisdicci\u00f3n Competente<\/h3>\n\n<p>Las condiciones generales expuestas en este documento se rigen por la legislaci\u00f3n espa\u00f1ola y se someten a la jurisdicci\u00f3n correspondiente al titular.<\/p>\n","protected":false},"excerpt":{"rendered":"<p>Datos Identificativos De conformidad con la Ley 34\/2002, de 11 de julio, de Servicios de la Sociedad de la Informaci\u00f3n y de Comercio Electr\u00f3nico (LSSICE) y de la Ley org\u00e1nica 15\/1999, de 13 de diciembre, de Protecci\u00f3n de Datos Personales (LOPD), se informa a los usuarios de que\u00a0lacoladaprimus.com\u00a0es un dominio y un portal web en&#8230;<\/p>\n","protected":false},"author":1,"featured_media":0,"parent":0,"menu_order":0,"comment_status":"closed","ping_status":"closed","template":"","meta":{"_kad_post_transparent":"","_kad_post_title":"show","_kad_post_layout":"","_kad_post_sidebar_id":"","_kad_post_content_style":"","_kad_post_vertical_padding":"","_kad_post_feature":"","_kad_post_feature_position":"","_kad_post_header":false,"_kad_post_footer":false,"_kad_post_classname":"","footnotes":""},"class_list":["post-1092","page","type-page","status-publish","hentry"],"_links":{"self":[{"href":"https:\/\/lacoladaprimus.com\/ca\/wp-json\/wp\/v2\/pages\/1092","targetHints":{"allow":["GET"]}}],"collection":[{"href":"https:\/\/lacoladaprimus.com\/ca\/wp-json\/wp\/v2\/pages"}],"about":[{"href":"https:\/\/lacoladaprimus.com\/ca\/wp-json\/wp\/v2\/types\/page"}],"author":[{"embeddable":true,"href":"https:\/\/lacoladaprimus.com\/ca\/wp-json\/wp\/v2\/users\/1"}],"replies":[{"embeddable":true,"href":"https:\/\/lacoladaprimus.com\/ca\/wp-json\/wp\/v2\/comments?post=1092"}],"version-history":[{"count":0,"href":"https:\/\/lacoladaprimus.com\/ca\/wp-json\/wp\/v2\/pages\/1092\/revisions"}],"wp:attachment":[{"href":"https:\/\/lacoladaprimus.com\/ca\/wp-json\/wp\/v2\/media?parent=1092"}],"curies":[{"name":"wp","href":"https:\/\/api.w.org\/{rel}","templated":true}]}}